{"id":375,"date":"2026-01-20T21:26:45","date_gmt":"2026-01-20T21:26:45","guid":{"rendered":"http:\/\/campdemargival.fr\/?page_id=375"},"modified":"2026-01-22T11:16:30","modified_gmt":"2026-01-22T11:16:30","slug":"association","status":"publish","type":"page","link":"https:\/\/www.campdemargival.fr\/?page_id=375","title":{"rendered":"Aisne Club 44\u2026 Histoire et motivations"},"content":{"rendered":"\n<figure class=\"wp-block-image aligncenter size-full is-resized is-style-default\"><img loading=\"lazy\" decoding=\"async\" width=\"480\" height=\"216\" src=\"https:\/\/campdemargival.fr\/wp-content\/uploads\/2026\/01\/20201009_163315-scaled.width-480.jpg\" alt=\"\" class=\"wp-image-376\" style=\"width:650px;height:auto\" srcset=\"https:\/\/www.campdemargival.fr\/wp-content\/uploads\/2026\/01\/20201009_163315-scaled.width-480.jpg 480w, https:\/\/www.campdemargival.fr\/wp-content\/uploads\/2026\/01\/20201009_163315-scaled.width-480-300x135.jpg 300w\" sizes=\"auto, (max-width: 480px) 100vw, 480px\" \/><\/figure>\n\n\n\n<h3 class=\"wp-block-heading has-text-align-center\"><strong>La naissance d\u2019Aisne Club 44<\/strong><\/h3>\n\n\n\n<p>Thierry Oger, collectionneur depuis 1987, est \u00e0 l\u2019initiative de la cr\u00e9ation d\u2019<strong>Aisne Club 44<\/strong>&nbsp;en 2003.&nbsp;<strong>Aisne Club 44<\/strong>&nbsp;est&nbsp;une association de collectionneurs de tenues, de mat\u00e9riels et de v\u00e9hicules militaires am\u00e9ricains de la Seconde Guerre mondiale.<\/p>\n\n\n\n<p>La naissance de l\u2019association&nbsp;<strong>Aisne Club 44<\/strong>&nbsp;est le fruit d\u2019un rassemblement d\u2019amis passionn\u00e9s d\u2019histoire et de m\u00e9canique am\u00e9ricaine, de tous \u00e2ges et domicili\u00e9s dans diff\u00e9rentes communes de l\u2019Aisne.<\/p>\n\n\n\n<h3 class=\"wp-block-heading has-text-align-center\"><strong>Les valeurs d\u2019Aisne Club 44<\/strong><\/h3>\n\n\n\n<p>Comme son nom l\u2019indique,&nbsp;<strong>Aisne Club 44<\/strong>&nbsp;est tr\u00e8s attach\u00e9e \u00e0 l\u2019ann\u00e9e 1944 qui nous rappelle le courage des soldats qui ont particip\u00e9 au D\u00e9barquement.<\/p>\n\n\n\n<h3 class=\"wp-block-heading has-text-align-center\"><strong>Le but d\u2019Aisne Club 44<\/strong><\/h3>\n\n\n\n<p>Depuis plusieurs ann\u00e9es, il nous tient \u00e0 c\u0153ur de continuer \u00e0 comm\u00e9morer leur m\u00e9moire en nous rappelant le courage de ces hommes et de ces femmes et de perp\u00e9tuer le souvenir de ceux qui n\u2019ont pas h\u00e9sit\u00e9 \u00e0 sacrifier leur vie pour nous offrir&nbsp;<strong>LA LIBERTE<\/strong>.<\/p>\n\n\n\n<p><\/p>\n","protected":false},"excerpt":{"rendered":"<p>La naissance d\u2019Aisne Club 44 Thierry Oger, collectionneur depuis 1987, est \u00e0 l\u2019initiative de la cr\u00e9ation d\u2019Aisne Club 44&nbsp;en 2003.&nbsp;Aisne Club 44&nbsp;est&nbsp;une association de collectionneurs de tenues, de mat\u00e9riels et de v\u00e9hicules militaires am\u00e9ricains de la Seconde Guerre mondiale. La naissance de l\u2019association&nbsp;Aisne Club 44&nbsp;est le fruit d\u2019un rassemblement d\u2019amis passionn\u00e9s d\u2019histoire et de m\u00e9canique [&hellip;]<\/p>\n","protected":false},"author":1,"featured_media":0,"parent":0,"menu_order":0,"comment_status":"closed","ping_status":"closed","template":"page-with-no-sidebar","meta":{"footnotes":""},"class_list":["post-375","page","type-page","status-publish","hentry"],"_links":{"self":[{"href":"https:\/\/www.campdemargival.fr\/index.php?rest_route=\/wp\/v2\/pages\/375","targetHints":{"allow":["GET"]}}],"collection":[{"href":"https:\/\/www.campdemargival.fr\/index.php?rest_route=\/wp\/v2\/pages"}],"about":[{"href":"https:\/\/www.campdemargival.fr\/index.php?rest_route=\/wp\/v2\/types\/page"}],"author":[{"embeddable":true,"href":"https:\/\/www.campdemargival.fr\/index.php?rest_route=\/wp\/v2\/users\/1"}],"replies":[{"embeddable":true,"href":"https:\/\/www.campdemargival.fr\/index.php?rest_route=%2Fwp%2Fv2%2Fcomments&post=375"}],"version-history":[{"count":4,"href":"https:\/\/www.campdemargival.fr\/index.php?rest_route=\/wp\/v2\/pages\/375\/revisions"}],"predecessor-version":[{"id":618,"href":"https:\/\/www.campdemargival.fr\/index.php?rest_route=\/wp\/v2\/pages\/375\/revisions\/618"}],"wp:attachment":[{"href":"https:\/\/www.campdemargival.fr\/index.php?rest_route=%2Fwp%2Fv2%2Fmedia&parent=375"}],"curies":[{"name":"wp","href":"https:\/\/api.w.org\/{rel}","templated":true}]}}