{"id":209,"date":"2022-11-24T20:05:28","date_gmt":"2022-11-24T19:05:28","guid":{"rendered":"https:\/\/www.aisneclub44.fr\/?page_id=209"},"modified":"2026-01-22T11:18:37","modified_gmt":"2026-01-22T11:18:37","slug":"activites","status":"publish","type":"page","link":"https:\/\/www.campdemargival.fr\/?page_id=209","title":{"rendered":"Activit\u00e9s"},"content":{"rendered":"\n<h3 class=\"wp-block-heading has-text-align-center\" id=\"cc-m-header-5955365975\">Le projet associatif d&rsquo;Aisne Club 44<\/h3>\n\n\n\n<p>L&rsquo;ancien&nbsp;<strong>camp militaire<\/strong>&nbsp;situ\u00e9 sur les communes de&nbsp;<strong>Laffaux<\/strong>,&nbsp;<strong>Margival<\/strong>&nbsp;et&nbsp;<strong>Neuville-sur-Margival<\/strong>&nbsp;est un site majeur de la&nbsp;<strong>Seconde Guerre mondiale et de l&rsquo;Apr\u00e8s-Guerre dans l&rsquo;Aisne<\/strong>.<\/p>\n\n\n\n<p><\/p>\n\n\n\n<h3 class=\"wp-block-heading has-text-align-center\" id=\"cc-m-header-5970369975\">Un peu d&rsquo;histoire<\/h3>\n\n\n\n<p>Dans une vall\u00e9e tr\u00e8s encaiss\u00e9e entre les villages de&nbsp;Vauxaillon&nbsp;au Nord, de&nbsp;Laffaux&nbsp;\u00e0 l&rsquo;Est, de&nbsp;Neuville-sur-Margival&nbsp;\u00e0 l&rsquo;Ouest et de&nbsp;Margival&nbsp;au Sud, l&rsquo;\u00e9tat major allemand fait construire \u00e0 partir de 1942 un&nbsp;immense centre de commandement et de communication. Il s&rsquo;agit du plus grand centre de commandement et de transmission construit en&nbsp;<strong>Europe occidentale<\/strong>.<\/p>\n\n\n\n<p>Une r\u00e9union s&rsquo;y serait d\u00e9roul\u00e9e le&nbsp;<strong>dimanche&nbsp;17 juin 1944<\/strong>, soit 11 jours apr\u00e8s le d\u00e9barquement des arm\u00e9es alli\u00e9es sur les plages de Normandie. Cette entrevue rassemble les principaux chefs d&rsquo;\u00e9tat-major allemands&#8230;<\/p>\n\n\n\n<p>Des unit\u00e9s de la&nbsp;<strong>3rd Armored Division<\/strong>&nbsp;lib\u00e8rent&nbsp;<strong>Soissons<\/strong>&nbsp;le&nbsp;<strong>29 ao\u00fbt 1944<\/strong>&nbsp;et&nbsp;<strong>Laon<\/strong>&nbsp;le&nbsp;<strong>30 ao\u00fbt 1944<\/strong>.<\/p>\n\n\n\n<p>En&nbsp;<strong>1946<\/strong>, c&rsquo;est le tout jeune corps de&nbsp;<strong>Personnel F\u00e9minin de l&rsquo;Arm\u00e9e de Terre<\/strong>&nbsp;qui s&rsquo;installe dans les b\u00e2timents de Margival. On parle alors du&nbsp;<strong>Centre de Regroupement du Personnel F\u00e9minin pour l&rsquo;Indochine<\/strong>&nbsp;(CRPFI).<\/p>\n\n\n\n<p>Dans ce Centre, on forme les jeunes femmes au rudiment de la vie militaire mais aussi \u00e0 des cours de fran\u00e7ais et math\u00e9matiques. Une fois cette formation achev\u00e9e, les jeunes recrues partent en formation de sp\u00e9cialisation avant de rejoindre le th\u00e9\u00e2tre d&rsquo;op\u00e9ration indochinois.<\/p>\n\n\n\n<p>Le Centre ferme en&nbsp;<strong>1950<\/strong>&nbsp;et est transf\u00e9r\u00e9 \u00e0 Paris.<\/p>\n\n\n\n<p>Apr\u00e8s la cr\u00e9ation de l&rsquo;Organisation du Trait\u00e9 de l&rsquo;Atlantique Nord,&nbsp;<strong>OTAN<\/strong>, ce site&nbsp;voit l&rsquo;installation d&rsquo;un nouveau&nbsp;<strong>centre de commandement, de communications et d&rsquo;instruction<\/strong>.<\/p>\n\n\n\n<p><strong>De 1950 \u00e0 1966<\/strong>, des militaires des forces alli\u00e9es du commandement int\u00e9gr\u00e9 de l&rsquo;OTAN se succ\u00e8dent dans les anciennes installations allemandes.<\/p>\n\n\n\n<p>En&nbsp;<strong>1966<\/strong>,&nbsp;<strong>Charles De Gaulle<\/strong>, Pr\u00e9sident de la R\u00e9publique fran\u00e7aise, d\u00e9cide de&nbsp;<strong>quitter le commandement int\u00e9gr\u00e9 de l&rsquo;OTAN<\/strong>.<\/p>\n\n\n\n<p>En 1967, c&rsquo;est l&rsquo;<strong>Arm\u00e9e fran\u00e7aise<\/strong>&nbsp;qui investit les installations pour y d\u00e9velopper un&nbsp;<strong>centre d&rsquo;entra\u00eenement commando<\/strong>. Plus de&nbsp;<strong>80 000 conscrits et militaires de carri\u00e8re<\/strong>&nbsp;s&rsquo;y entra\u00eenent.<\/p>\n\n\n\n<p><strong>A la fin des ann\u00e9es 1990<\/strong>, le plan&nbsp;<strong>Arm\u00e9es 2000<\/strong>&nbsp;d\u00e9classe d\u00e9finitivement les installations du centre d&rsquo;entra\u00eenement commando de Margival ;&nbsp;l&rsquo;Arm\u00e9e fran\u00e7aise&nbsp;quitte les infrastructures du site.<\/p>\n\n\n\n<p>Abandonn\u00e9 d\u00e9finitivement par l&rsquo;Arm\u00e9e fran\u00e7aise, le camp d&rsquo;entra\u00eenement commando devient le territoire des r\u00e9cup\u00e9rateurs de mat\u00e9riel et de m\u00e9taux. Les b\u00e2timents, les bunkers sont d\u00e9mantel\u00e9s les uns apr\u00e8s les autres dans un quasi-total d\u00e9sint\u00e9r\u00eat.<\/p>\n\n\n\n<p>Quelques projets de mise en valeur voient le jour. Compte-tenu de la pr\u00e9sence de l&rsquo;Arm\u00e9e allemande durant la Seconde Guerre mondiale, ces projets avortent.<\/p>\n\n\n\n<p><strong>En 2004, l&rsquo;Arm\u00e9e fran\u00e7aise vend le camp aux communes de Laffaux, de Margival et de Neuville-sur-Margival qui rach\u00e8tent leurs parcelles respectives.<\/strong><\/p>\n\n\n\n<p>A partir de&nbsp;<strong>2008<\/strong>,&nbsp;<strong>Aisne Club 44<\/strong>&nbsp;participe aux&nbsp;<strong>travaux de d\u00e9frichage<\/strong>,&nbsp;<strong>de s\u00e9curisation<\/strong>&nbsp;et&nbsp;<strong>de mise en valeur<\/strong>&nbsp;de l&rsquo;ancien&nbsp;camp militaire en collaboration avec une autre association. Le but commun est alors de pr\u00e9server ce site unique en Europe occidentale.<\/p>\n\n\n\n<p><strong>En avril 2010<\/strong>,&nbsp;<strong>Aisne Club 44<\/strong>&nbsp;obtient l&rsquo;attribution du&nbsp;<strong>B\u00e2timent n\u00b07<\/strong>&nbsp;apr\u00e8s d\u00e9lib\u00e9ration du Conseil municipal de la commune de Laffaux.<\/p>\n\n\n\n<p><strong>En juin 2015<\/strong>, la municipalit\u00e9 de Neuville-sur-Margival suite \u00e0 un projet associatif vend \u00e0 l&rsquo;association&nbsp;<strong>le b\u00e2timent n\u00b02 et ses d\u00e9pendances<\/strong>. Depuis, les membres travaillent \u00e0 la restauration du b\u00e2timent pour y cr\u00e9er&nbsp;<strong>un Centre M\u00e9moriel sur l&rsquo;histoire du Camp<\/strong>.&nbsp;<\/p>\n\n\n\n<h3 class=\"wp-block-heading has-text-align-center\" id=\"cc-m-header-5955364975\">Nos travaux sur le W2<\/h3>\n\n\n\n<p>Passionn\u00e9s par cet \u00e9pisode de notre Histoire, il&nbsp;\u00e9tait naturel&nbsp;que les membres d&rsquo;<strong>Aisne Club 44<\/strong>&nbsp;essaient d&rsquo;intervenir&nbsp;dans la sauvegarde&nbsp;ce site. A notre \u00e9chelle, il n&rsquo;\u00e9tait pas possible de nous lancer dans une sauvegarde de grande ampleur.<\/p>\n\n\n\n<p>Toutefois, petit \u00e0 petit, durant&nbsp;de nombreux&nbsp;week-end, des membres d&rsquo;<strong>Aisne Club 44<\/strong>&nbsp;passent du temps \u00e0&nbsp;<a href=\"https:\/\/aisne-club-44.jimdofree.com\/nos-activit%C3%A9s-sur-le-camp\/nos-travaux-sur-le-w2\/le-d%C3%A9gagement-des-routes-2009\/\">repousser la v\u00e9g\u00e9tation des routes<\/a>,&nbsp;et&nbsp;<a href=\"https:\/\/aisne-club-44.jimdofree.com\/nos-activit%C3%A9s-sur-le-camp\/nos-travaux-sur-le-w2\/la-cr%C3%A9ation-des-parkings\/\">redonner naissance aux parkings<\/a>&nbsp;envahis par les&nbsp;arbustes et les herbes folles.<\/p>\n\n\n\n<p>La v\u00e9g\u00e9tation avait tr\u00e8s&nbsp;largement envahi les abords des bunkers. Parfois, un bunker proche des voies de communication n&rsquo;\u00e9tait m\u00eame plus visible.<\/p>\n\n\n\n<figure class=\"wp-block-gallery has-nested-images columns-default is-cropped wp-block-gallery-1 is-layout-flex wp-block-gallery-is-layout-flex\">\n<figure class=\"wp-block-image size-large\"><a href=\"http:\/\/campdemargival.fr\/wp-content\/uploads\/2022\/11\/20201009_163315-scaled.jpg\"><img decoding=\"async\" src=\"http:\/\/campdemargival.fr\/wp-content\/uploads\/2022\/11\/20201009_163315-scaled.jpg\" alt=\"\"\/><\/a><figcaption class=\"wp-element-caption\">Le B\u00e2timent n\u00b02 en 2020 <\/figcaption><\/figure>\n\n\n\n<figure class=\"wp-block-image size-large\"><a href=\"http:\/\/campdemargival.fr\/wp-content\/uploads\/2022\/11\/1-1.png\"><img decoding=\"async\" data-id=\"211\" src=\"http:\/\/campdemargival.fr\/wp-content\/uploads\/2022\/11\/1-1.png\" alt=\"\" class=\"wp-image-211\"\/><\/a><figcaption class=\"wp-element-caption\">Le B\u00e2timent n\u00b07 en septembre 2006<\/figcaption><\/figure>\n\n\n\n<figure class=\"wp-block-image size-large\"><a href=\"http:\/\/campdemargival.fr\/wp-content\/uploads\/2022\/11\/2.png\"><img decoding=\"async\" data-id=\"212\" src=\"http:\/\/campdemargival.fr\/wp-content\/uploads\/2022\/11\/2.png\" alt=\"\" class=\"wp-image-212\"\/><\/a><figcaption class=\"wp-element-caption\">Le B\u00e2timent n\u00b07 en 2010 avant les travaux de restauration<\/figcaption><\/figure>\n\n\n\n<figure class=\"wp-block-image size-large\"><a href=\"http:\/\/campdemargival.fr\/wp-content\/uploads\/2022\/11\/image.jpg\"><img decoding=\"async\" data-id=\"213\" src=\"http:\/\/campdemargival.fr\/wp-content\/uploads\/2022\/11\/image.jpg\" alt=\"\" class=\"wp-image-213\"\/><\/a><figcaption class=\"wp-element-caption\">Le B\u00e2timent n\u00b02 en 2015 avant les travaux de d\u00e9gagement et restauration<\/figcaption><\/figure>\n<\/figure>\n","protected":false},"excerpt":{"rendered":"<p>Le projet associatif d&rsquo;Aisne Club 44 L&rsquo;ancien&nbsp;camp militaire&nbsp;situ\u00e9 sur les communes de&nbsp;Laffaux,&nbsp;Margival&nbsp;et&nbsp;Neuville-sur-Margival&nbsp;est un site majeur de la&nbsp;Seconde Guerre mondiale et de l&rsquo;Apr\u00e8s-Guerre dans l&rsquo;Aisne. Un peu d&rsquo;histoire Dans une vall\u00e9e tr\u00e8s encaiss\u00e9e entre les villages de&nbsp;Vauxaillon&nbsp;au Nord, de&nbsp;Laffaux&nbsp;\u00e0 l&rsquo;Est, de&nbsp;Neuville-sur-Margival&nbsp;\u00e0 l&rsquo;Ouest et de&nbsp;Margival&nbsp;au Sud, l&rsquo;\u00e9tat major allemand fait construire \u00e0 partir de 1942 un&nbsp;immense centre [&hellip;]<\/p>\n","protected":false},"author":2,"featured_media":0,"parent":0,"menu_order":0,"comment_status":"closed","ping_status":"closed","template":"page-with-no-sidebar","meta":{"footnotes":""},"class_list":["post-209","page","type-page","status-publish","hentry"],"_links":{"self":[{"href":"https:\/\/www.campdemargival.fr\/index.php?rest_route=\/wp\/v2\/pages\/209","targetHints":{"allow":["GET"]}}],"collection":[{"href":"https:\/\/www.campdemargival.fr\/index.php?rest_route=\/wp\/v2\/pages"}],"about":[{"href":"https:\/\/www.campdemargival.fr\/index.php?rest_route=\/wp\/v2\/types\/page"}],"author":[{"embeddable":true,"href":"https:\/\/www.campdemargival.fr\/index.php?rest_route=\/wp\/v2\/users\/2"}],"replies":[{"embeddable":true,"href":"https:\/\/www.campdemargival.fr\/index.php?rest_route=%2Fwp%2Fv2%2Fcomments&post=209"}],"version-history":[{"count":3,"href":"https:\/\/www.campdemargival.fr\/index.php?rest_route=\/wp\/v2\/pages\/209\/revisions"}],"predecessor-version":[{"id":621,"href":"https:\/\/www.campdemargival.fr\/index.php?rest_route=\/wp\/v2\/pages\/209\/revisions\/621"}],"wp:attachment":[{"href":"https:\/\/www.campdemargival.fr\/index.php?rest_route=%2Fwp%2Fv2%2Fmedia&parent=209"}],"curies":[{"name":"wp","href":"https:\/\/api.w.org\/{rel}","templated":true}]}}